{"id":124,"date":"2014-01-22T15:01:30","date_gmt":"2014-01-22T15:01:30","guid":{"rendered":"https:\/\/brigitte-geller.de\/en\/?page_id=121"},"modified":"2018-12-11T18:10:53","modified_gmt":"2018-12-11T18:10:53","slug":"impressum","status":"publish","type":"page","link":"https:\/\/brigitte-geller.de\/en\/impressum\/","title":{"rendered":"Imprint"},"content":{"rendered":"<h2>BRIGITTE GELLER<\/h2>\n<p>Rudolf-Wackernagel-Stra\u00dfe 14<br \/>\nCH-4125 Riehen\/ BS<br \/>\n<a href=\"mailto:mail@brigitte-geller.de\">mail@brigitte-geller.de<\/a><br \/>\nfon +49 (0)172 741 45 55<\/p>\n<p><a class=\"imprlink\" title=\"Contact\" href=\"https:\/\/brigitte-geller.de\/en\/kontakt\/\">CONTACT<\/a><\/p>\n<div class=\"nano\">\n<div class=\"content vta\">\u00a9 2014-2018 Brigitte Geller<br \/>\nWebdesign: <a href=\"mailto:info@magic-carpets.de\">info@magic-carpets.de<\/a><br \/>\nFotos: Wir haben uns bem\u00fcht, alle Nutzungsrechte mit den Fotografen zu kl\u00e4ren. Brigitte Geller bedankt sich bei allen Fotografen f\u00fcr die honorarfreie Verwendung der Fotos auf Ihrer Homepage. Nicht in allen F\u00e4llen lie\u00dfen sich die Nutzungsrechte eindeutig kl\u00e4ren. Bitte nehmen Sie mit mir ggf. Kontakt auf (<a href=\"mailto:mail@Brigitte-Geller.de\">mail@Brigitte-Geller.de<\/a>). Vielen Dank.<br \/>\n.<br \/>\n<strong>Haftungsausschluss:Haftung f\u00fcr Inhalte<\/strong><br \/>\nDie Inhalte meiner Seiten wurden mit gr\u00f6\u00dfter Sorgfalt erstellt. F\u00fcr die Richtigkeit, Vollst\u00e4ndigkeit und Aktualit\u00e4t der Inhalte kann ich jedoch keine Gew\u00e4hr \u00fcbernehmen. Als Diensteanbieter bin ich gem\u00e4\u00df \u00a7 7 Abs.1 TMG f\u00fcr eigene Inhalte auf diesen Seiten nach den allgemeinen Gesetzen verantwortlich. Nach \u00a7\u00a7 8 bis 10 TMG bin ich als Diensteanbieter jedoch nicht verpflichtet, \u00fcbermittelte oder gespeicherte fremde Informationen zu \u00fcberwachen oder nach Umst\u00e4nden zu forschen, die auf eine rechtswidrige T\u00e4tigkeit hinweisen. Verpflichtungen zur Entfernung oder Sperrung der Nutzung von Informationen nach den allgemeinen Gesetzen bleiben hiervon unber\u00fchrt. Eine diesbez\u00fcgliche Haftung ist jedoch erst ab dem Zeitpunkt der Kenntnis einer konkreten Rechtsverletzung m\u00f6glich. Bei Bekanntwerden von entsprechenden Rechtsverletzungen werde ich diese Inhalte umgehend entfernen.<br \/>\n.<br \/>\n<strong>Haftung f\u00fcr Links<\/strong><br \/>\nMein Angebot enth\u00e4lt Links zu externen Webseiten Dritter, auf deren Inhalte ich keinen Einfluss habe. Deshalb kann ich f\u00fcr diese fremden Inhalte auch keine Gew\u00e4hr \u00fcbernehmen. F\u00fcr die Inhalte der verlinkten Seiten ist stets der jeweilige Anbieter oder Betreiber der Seiten verantwortlich. Die verlinkten Seiten wurden zum Zeitpunkt der Verlinkung auf m\u00f6gliche Rechtsverst\u00f6\u00dfe \u00fcberpr\u00fcft. Rechtswidrige Inhalte waren zum Zeitpunkt der Verlinkung nicht erkennbar. Eine permanente inhaltliche Kontrolle der verlinkten Seiten ist jedoch ohne konkrete Anhaltspunkte einer Rechtsverletzung nicht zumutbar. Bei Bekanntwerden von Rechtsverletzungen werden wir derartige Links umgehend entfernen.<br \/>\n.<br \/>\n<strong>Urheberrecht<\/strong><br \/>\nDie durch die Seitenbetreiber erstellten Inhalte und Werke auf diesen Seiten unterliegen dem deutschen Urheberrecht. Die Vervielf\u00e4ltigung, Bearbeitung, Verbreitung und jede Art der Verwertung au\u00dferhalb der Grenzen des Urheberrechtes bed\u00fcrfen der schriftlichen Zustimmung des jeweiligen Autors bzw. Erstellers. Downloads und Kopien dieser Seite sind nur f\u00fcr den privaten, nicht kommerziellen Gebrauch gestattet. Soweit die Inhalte auf dieser Seite nicht vom Betreiber erstellt wurden, werden die Urheberrechte Dritter beachtet. Insbesondere werden Inhalte Dritter als solche gekennzeichnet. Sollten Sie trotzdem auf eine Urheberrechtsverletzung aufmerksam werden, bitten wir um einen entsprechenden Hinweis. Bei Bekanntwerden von Rechtsverletzungen werden wir derartige Inhalte umgehend entfernen.<br \/>\n.<br \/>\n<strong>Datenschutz<\/strong><br \/>\nDie Nutzung meiner Webseite ist in der Regel ohne Angabe personenbezogener Daten m\u00f6glich. Soweit auf unseren Seiten personenbezogene Daten (beispielsweise Name, Anschrift oder eMail-Adressen) erhoben werden, erfolgt dies, soweit m\u00f6glich, stets auf freiwilliger Basis. Diese Daten werden ohne Ihre ausdr\u00fcckliche Zustimmung nicht an Dritte weitergegeben.<br \/>\n.<br \/>\nWir weisen darauf hin, dass die Daten\u00fcbertragung im Internet (z.B. bei der Kommunikation per E-Mail) Sicherheitsl\u00fccken aufweisen kann. Ein l\u00fcckenloser Schutz der Daten vor dem Zugriff durch Dritte ist nicht m\u00f6glich.<br \/>\n.<br \/>\nDer Nutzung von im Rahmen der Impressumspflicht ver\u00f6ffentlichten Kontaktdaten durch Dritte zur \u00dcbersendung von nicht ausdr\u00fccklich angeforderter Werbung und Informationsmaterialien wird hiermit ausdr\u00fccklich widersprochen. Die Betreiber der Seiten behalten sich ausdr\u00fccklich rechtliche Schritte im Falle der unverlangten Zusendung von Werbeinformationen, etwa durch Spam-Mails, vor.<br \/>\n.<br \/>\nQuelle: Disclaimer von <a href=\"http:\/\/www.erecht24\" target=\"_blank\" rel=\"noopener\">eRecht24<\/a>, das Portal zum Internetrecht von Rechtsanwalt S\u00f6ren Siebert.<\/div>\n<\/div>\n","protected":false},"excerpt":{"rendered":"<p>BRIGITTE GELLER Rudolf-Wackernagel-Stra\u00dfe 14 CH-4125 Riehen\/ BS mail@brigitte-geller.de fon +49 (0)172 741 45 55 CONTACT \u00a9 2014-2018 Brigitte Geller Webdesign: info@magic-carpets.de Fotos: Wir haben uns bem\u00fcht, alle Nutzungsrechte mit den Fotografen zu kl\u00e4ren. Brigitte Geller bedankt sich bei allen Fotografen f\u00fcr die honorarfreie Verwendung der Fotos auf Ihrer Homepage. Nicht in allen F\u00e4llen lie\u00dfen sich [&hellip;]<\/p>\n","protected":false},"author":1,"featured_media":0,"parent":0,"menu_order":0,"comment_status":"closed","ping_status":"closed","template":"content-page-kontakt.php","meta":{"_acf_changed":false,"footnotes":""},"class_list":["post-124","page","type-page","status-publish","hentry"],"acf":[],"_links":{"self":[{"href":"https:\/\/brigitte-geller.de\/en\/wp-json\/wp\/v2\/pages\/124"}],"collection":[{"href":"https:\/\/brigitte-geller.de\/en\/wp-json\/wp\/v2\/pages"}],"about":[{"href":"https:\/\/brigitte-geller.de\/en\/wp-json\/wp\/v2\/types\/page"}],"author":[{"embeddable":true,"href":"https:\/\/brigitte-geller.de\/en\/wp-json\/wp\/v2\/users\/1"}],"replies":[{"embeddable":true,"href":"https:\/\/brigitte-geller.de\/en\/wp-json\/wp\/v2\/comments?post=124"}],"version-history":[{"count":0,"href":"https:\/\/brigitte-geller.de\/en\/wp-json\/wp\/v2\/pages\/124\/revisions"}],"wp:attachment":[{"href":"https:\/\/brigitte-geller.de\/en\/wp-json\/wp\/v2\/media?parent=124"}],"curies":[{"name":"wp","href":"https:\/\/api.w.org\/{rel}","templated":true}]}}