{"id":115,"date":"2014-01-13T23:52:11","date_gmt":"2014-01-13T23:52:11","guid":{"rendered":"https:\/\/brigitte-geller.de\/en\/?page_id=71"},"modified":"2017-03-17T11:27:45","modified_gmt":"2017-03-17T11:27:45","slug":"oper","status":"publish","type":"page","link":"https:\/\/brigitte-geller.de\/en\/repertoire\/oper\/","title":{"rendered":"Opera"},"content":{"rendered":"<p>Birtwistle;The second Mrs Kong;Pearl|<br \/>\nH\u00e4ndel;Tamerlano;Astiria|<br \/>\n;Alcina;Morgana|<br \/>\n;Xerxes;Romilda|<br \/>\nHumperdinck;H\u00e4nsel und Gretel;Gretel|<br \/>\nJanacek;Das schlaue F\u00fcchslein;F\u00fcchslein|<br \/>\nMozart;Entf\u00fchrung aus dem Serail;Konstanze|<br \/>\n;Cos\u00ec fan&#8217; tutte;Fiordiligi|<br \/>\n;Don Giovanni;Zerlina|<br \/>\n;Le nozze di Figaro;Susanna|<br \/>\n;Le nozze di Figaro;Gr\u00e4fin|<br \/>\n;Zauberfl\u00f6te;Pamina|<br \/>\n;Idomeneo;Ilia|<br \/>\nMonteverdi;L&#8217; Incoronazione di Poppea;Poppea|<br \/>\nPuccini;La Boh\u00e8me;Musetta|<br \/>\n;La Boh\u00e8me;Mimi|<br \/>\nSch\u00f6nberg;Von heute auf morgen;Frau|<br \/>\nStrauss;Die Frau ohne Schatten;Kaiserin|<br \/>\n;Arabella;Zdenka|<br \/>\n;Rosenkavalier;Sophie|<br \/>\n;Elektra;Chrysotemis|<br \/>\nVerdi;Rigoletto;Gilda|<br \/>\n;La Traviata;Violetta|<br \/>\nZimmermann;Die wei\u00dfe Rose;Sophie Scholl<\/p>\n","protected":false},"excerpt":{"rendered":"<p>Birtwistle;The second Mrs Kong;Pearl| H\u00e4ndel;Tamerlano;Astiria| ;Alcina;Morgana| ;Xerxes;Romilda| Humperdinck;H\u00e4nsel und Gretel;Gretel| Janacek;Das schlaue F\u00fcchslein;F\u00fcchslein| Mozart;Entf\u00fchrung aus dem Serail;Konstanze| ;Cos\u00ec fan&#8217; tutte;Fiordiligi| ;Don Giovanni;Zerlina| ;Le nozze di Figaro;Susanna| ;Le nozze di Figaro;Gr\u00e4fin| ;Zauberfl\u00f6te;Pamina| ;Idomeneo;Ilia| Monteverdi;L&#8217; Incoronazione di Poppea;Poppea| Puccini;La Boh\u00e8me;Musetta| ;La Boh\u00e8me;Mimi| Sch\u00f6nberg;Von heute auf morgen;Frau| Strauss;Die Frau ohne Schatten;Kaiserin| ;Arabella;Zdenka| ;Rosenkavalier;Sophie| ;Elektra;Chrysotemis| Verdi;Rigoletto;Gilda| ;La Traviata;Violetta| Zimmermann;Die [&hellip;]<\/p>\n","protected":false},"author":1,"featured_media":0,"parent":15,"menu_order":0,"comment_status":"closed","ping_status":"closed","template":"content-page-repertoire.php","meta":{"_acf_changed":false,"footnotes":""},"class_list":["post-115","page","type-page","status-publish","hentry"],"acf":[],"_links":{"self":[{"href":"https:\/\/brigitte-geller.de\/en\/wp-json\/wp\/v2\/pages\/115"}],"collection":[{"href":"https:\/\/brigitte-geller.de\/en\/wp-json\/wp\/v2\/pages"}],"about":[{"href":"https:\/\/brigitte-geller.de\/en\/wp-json\/wp\/v2\/types\/page"}],"author":[{"embeddable":true,"href":"https:\/\/brigitte-geller.de\/en\/wp-json\/wp\/v2\/users\/1"}],"replies":[{"embeddable":true,"href":"https:\/\/brigitte-geller.de\/en\/wp-json\/wp\/v2\/comments?post=115"}],"version-history":[{"count":0,"href":"https:\/\/brigitte-geller.de\/en\/wp-json\/wp\/v2\/pages\/115\/revisions"}],"up":[{"embeddable":true,"href":"https:\/\/brigitte-geller.de\/en\/wp-json\/wp\/v2\/pages\/15"}],"wp:attachment":[{"href":"https:\/\/brigitte-geller.de\/en\/wp-json\/wp\/v2\/media?parent=115"}],"curies":[{"name":"wp","href":"https:\/\/api.w.org\/{rel}","templated":true}]}}